{"id":651,"date":"2021-05-14T15:01:28","date_gmt":"2021-05-14T13:01:28","guid":{"rendered":"https:\/\/www.eastlab.it\/?page_id=651"},"modified":"2021-10-27T09:52:25","modified_gmt":"2021-10-27T07:52:25","slug":"gattinoni","status":"publish","type":"page","link":"https:\/\/www.eastlab.it\/eng\/brands\/gattinoni\/","title":{"rendered":"Gattinoni"},"content":{"rendered":"<div data-elementor-type=\"wp-page\" data-elementor-id=\"651\" class=\"elementor elementor-651\">\n\t\t\t\t\t\t<section class=\"elementor-section elementor-top-section elementor-element elementor-element-43a4764 elementor-section-boxed elementor-section-height-default elementor-section-height-default\" data-id=\"43a4764\" data-element_type=\"section\" data-e-type=\"section\">\n\t\t\t\t\t\t<div class=\"elementor-container elementor-column-gap-default\">\n\t\t\t\t\t<div class=\"elementor-column elementor-col-100 elementor-top-column elementor-element elementor-element-06dde28\" data-id=\"06dde28\" data-element_type=\"column\" data-e-type=\"column\">\n\t\t\t<div class=\"elementor-widget-wrap elementor-element-populated\">\n\t\t\t\t\t\t<div class=\"elementor-element elementor-element-4b70ec1 elementor-widget elementor-widget-spacer\" data-id=\"4b70ec1\" data-element_type=\"widget\" data-e-type=\"widget\" data-widget_type=\"spacer.default\">\n\t\t\t\t<div class=\"elementor-widget-container\">\n\t\t\t\t\t\t\t<div class=\"elementor-spacer\">\n\t\t\t<div class=\"elementor-spacer-inner\"><\/div>\n\t\t<\/div>\n\t\t\t\t\t\t<\/div>\n\t\t\t\t<\/div>\n\t\t\t\t\t<\/div>\n\t\t<\/div>\n\t\t\t\t\t<\/div>\n\t\t<\/section>\n\t\t\t\t<section class=\"elementor-section elementor-top-section elementor-element elementor-element-1a1d55a elementor-section-boxed elementor-section-height-default elementor-section-height-default\" data-id=\"1a1d55a\" data-element_type=\"section\" data-e-type=\"section\">\n\t\t\t\t\t\t<div class=\"elementor-container elementor-column-gap-default\">\n\t\t\t\t\t<div class=\"elementor-column elementor-col-33 elementor-top-column elementor-element elementor-element-5f8529b\" data-id=\"5f8529b\" data-element_type=\"column\" data-e-type=\"column\">\n\t\t\t<div class=\"elementor-widget-wrap elementor-element-populated\">\n\t\t\t\t\t\t<div class=\"elementor-element elementor-element-4f5a181 elementor-widget elementor-widget-image\" data-id=\"4f5a181\" data-element_type=\"widget\" data-e-type=\"widget\" data-widget_type=\"image.default\">\n\t\t\t\t<div class=\"elementor-widget-container\">\n\t\t\t\t\t\t\t\t\t\t\t\t\t\t\t<img fetchpriority=\"high\" decoding=\"async\" width=\"800\" height=\"1200\" src=\"https:\/\/www.eastlab.it\/wp-content\/uploads\/2021\/05\/1-Gattinoni-1.jpg\" class=\"attachment-full size-full wp-image-769\" alt=\"\" srcset=\"https:\/\/www.eastlab.it\/wp-content\/uploads\/2021\/05\/1-Gattinoni-1.jpg 800w, https:\/\/www.eastlab.it\/wp-content\/uploads\/2021\/05\/1-Gattinoni-1-200x300.jpg 200w, https:\/\/www.eastlab.it\/wp-content\/uploads\/2021\/05\/1-Gattinoni-1-683x1024.jpg 683w, https:\/\/www.eastlab.it\/wp-content\/uploads\/2021\/05\/1-Gattinoni-1-768x1152.jpg 768w\" sizes=\"(max-width: 800px) 100vw, 800px\" \/>\t\t\t\t\t\t\t\t\t\t\t\t\t\t\t<\/div>\n\t\t\t\t<\/div>\n\t\t\t\t\t<\/div>\n\t\t<\/div>\n\t\t\t\t<div class=\"elementor-column elementor-col-33 elementor-top-column elementor-element elementor-element-bcaa7f5\" data-id=\"bcaa7f5\" data-element_type=\"column\" data-e-type=\"column\">\n\t\t\t<div class=\"elementor-widget-wrap elementor-element-populated\">\n\t\t\t\t\t\t<div class=\"elementor-element elementor-element-2b1577b elementor-widget elementor-widget-image\" data-id=\"2b1577b\" data-element_type=\"widget\" data-e-type=\"widget\" data-widget_type=\"image.default\">\n\t\t\t\t<div class=\"elementor-widget-container\">\n\t\t\t\t\t\t\t\t\t\t\t\t\t\t\t<img decoding=\"async\" width=\"1024\" height=\"683\" src=\"https:\/\/www.eastlab.it\/wp-content\/uploads\/2021\/05\/2-Gattinoni-1024x683.jpg\" class=\"attachment-large size-large wp-image-760\" alt=\"\" srcset=\"https:\/\/www.eastlab.it\/wp-content\/uploads\/2021\/05\/2-Gattinoni-1024x683.jpg 1024w, https:\/\/www.eastlab.it\/wp-content\/uploads\/2021\/05\/2-Gattinoni-300x200.jpg 300w, https:\/\/www.eastlab.it\/wp-content\/uploads\/2021\/05\/2-Gattinoni-768x512.jpg 768w, https:\/\/www.eastlab.it\/wp-content\/uploads\/2021\/05\/2-Gattinoni-930x620.jpg 930w, https:\/\/www.eastlab.it\/wp-content\/uploads\/2021\/05\/2-Gattinoni.jpg 1199w\" sizes=\"(max-width: 1024px) 100vw, 1024px\" \/>\t\t\t\t\t\t\t\t\t\t\t\t\t\t\t<\/div>\n\t\t\t\t<\/div>\n\t\t\t\t\t<\/div>\n\t\t<\/div>\n\t\t\t\t<div class=\"elementor-column elementor-col-33 elementor-top-column elementor-element elementor-element-282d0d7\" data-id=\"282d0d7\" data-element_type=\"column\" data-e-type=\"column\">\n\t\t\t<div class=\"elementor-widget-wrap elementor-element-populated\">\n\t\t\t\t\t\t<div class=\"elementor-element elementor-element-d7c2eba elementor-widget elementor-widget-image\" data-id=\"d7c2eba\" data-element_type=\"widget\" data-e-type=\"widget\" data-widget_type=\"image.default\">\n\t\t\t\t<div class=\"elementor-widget-container\">\n\t\t\t\t\t\t\t\t\t\t\t\t\t\t\t<img decoding=\"async\" width=\"683\" height=\"1024\" src=\"https:\/\/www.eastlab.it\/wp-content\/uploads\/2021\/05\/3-Gattinoni-683x1024.jpg\" class=\"attachment-large size-large wp-image-761\" alt=\"\" srcset=\"https:\/\/www.eastlab.it\/wp-content\/uploads\/2021\/05\/3-Gattinoni-683x1024.jpg 683w, https:\/\/www.eastlab.it\/wp-content\/uploads\/2021\/05\/3-Gattinoni-200x300.jpg 200w, https:\/\/www.eastlab.it\/wp-content\/uploads\/2021\/05\/3-Gattinoni-768x1152.jpg 768w, https:\/\/www.eastlab.it\/wp-content\/uploads\/2021\/05\/3-Gattinoni.jpg 800w\" sizes=\"(max-width: 683px) 100vw, 683px\" \/>\t\t\t\t\t\t\t\t\t\t\t\t\t\t\t<\/div>\n\t\t\t\t<\/div>\n\t\t\t\t\t<\/div>\n\t\t<\/div>\n\t\t\t\t\t<\/div>\n\t\t<\/section>\n\t\t\t\t<section class=\"elementor-section elementor-top-section elementor-element elementor-element-95b8ab8 elementor-section-boxed elementor-section-height-default elementor-section-height-default\" data-id=\"95b8ab8\" data-element_type=\"section\" data-e-type=\"section\">\n\t\t\t\t\t\t<div class=\"elementor-container elementor-column-gap-default\">\n\t\t\t\t\t<div class=\"elementor-column elementor-col-100 elementor-top-column elementor-element elementor-element-589058d\" data-id=\"589058d\" data-element_type=\"column\" data-e-type=\"column\">\n\t\t\t<div class=\"elementor-widget-wrap elementor-element-populated\">\n\t\t\t\t\t\t<div class=\"elementor-element elementor-element-a11c44d elementor-widget elementor-widget-image\" data-id=\"a11c44d\" data-element_type=\"widget\" data-e-type=\"widget\" data-widget_type=\"image.default\">\n\t\t\t\t<div class=\"elementor-widget-container\">\n\t\t\t\t\t\t\t\t\t\t\t\t\t\t\t<img loading=\"lazy\" decoding=\"async\" width=\"582\" height=\"250\" src=\"https:\/\/www.eastlab.it\/wp-content\/uploads\/2021\/05\/LogoGattinoni.jpg\" class=\"attachment-large size-large wp-image-754\" alt=\"\" srcset=\"https:\/\/www.eastlab.it\/wp-content\/uploads\/2021\/05\/LogoGattinoni.jpg 582w, https:\/\/www.eastlab.it\/wp-content\/uploads\/2021\/05\/LogoGattinoni-300x129.jpg 300w\" sizes=\"(max-width: 582px) 100vw, 582px\" \/>\t\t\t\t\t\t\t\t\t\t\t\t\t\t\t<\/div>\n\t\t\t\t<\/div>\n\t\t\t\t<div class=\"elementor-element elementor-element-eb4d262 elementor-widget elementor-widget-text-editor\" data-id=\"eb4d262\" data-element_type=\"widget\" data-e-type=\"widget\" data-widget_type=\"text-editor.default\">\n\t\t\t\t<div class=\"elementor-widget-container\">\n\t\t\t\t\t\t\t\t\t<p class=\"translation-block\">In 1946 Fernanda Gattinoni\u2019s atelier opened in Rome.<br>\nSome of the most beautiful women of all time entrusted themselves to her: Ingrid Bergman, Audrey Hepburn, Kim Novak, Lucia Bos\u00e8, Ava Gardner, Margaret of England, Anna Magnani, Gina Lollobrigida, Anna Maria Pierangeli,Isa Miranda, Lana Turner,<br> Maria Jos\u00e9, just to name a few.<br>\nCouture, Pr\u00eat-\u00e0-Porter: Gattinoni is 74 years of fashion.<br>\nAttention and care in the choice of materials, passion for stylistic research, and an unmistakable touch.<br>\nA strength that comes from the purity of the lines, current in their refined simplicity.<\/p>\t\t\t\t\t\t\t\t<\/div>\n\t\t\t\t<\/div>\n\t\t\t\t\t<\/div>\n\t\t<\/div>\n\t\t\t\t\t<\/div>\n\t\t<\/section>\n\t\t\t\t<section class=\"elementor-section elementor-top-section elementor-element elementor-element-7affeeb elementor-section-boxed elementor-section-height-default elementor-section-height-default\" data-id=\"7affeeb\" data-element_type=\"section\" data-e-type=\"section\">\n\t\t\t\t\t\t<div class=\"elementor-container elementor-column-gap-default\">\n\t\t\t\t\t<div class=\"elementor-column elementor-col-100 elementor-top-column elementor-element elementor-element-c0fb7ae\" data-id=\"c0fb7ae\" data-element_type=\"column\" data-e-type=\"column\">\n\t\t\t<div class=\"elementor-widget-wrap elementor-element-populated\">\n\t\t\t\t\t\t<div class=\"elementor-element elementor-element-1a88ab4 elementor-widget elementor-widget-image\" data-id=\"1a88ab4\" data-element_type=\"widget\" data-e-type=\"widget\" data-widget_type=\"image.default\">\n\t\t\t\t<div class=\"elementor-widget-container\">\n\t\t\t\t\t\t\t\t\t\t\t\t\t\t\t<img loading=\"lazy\" decoding=\"async\" width=\"1920\" height=\"1282\" src=\"https:\/\/www.eastlab.it\/wp-content\/uploads\/2021\/05\/4-Gattinoni.jpg\" class=\"attachment-full size-full wp-image-762\" alt=\"\" srcset=\"https:\/\/www.eastlab.it\/wp-content\/uploads\/2021\/05\/4-Gattinoni.jpg 1920w, https:\/\/www.eastlab.it\/wp-content\/uploads\/2021\/05\/4-Gattinoni-300x200.jpg 300w, https:\/\/www.eastlab.it\/wp-content\/uploads\/2021\/05\/4-Gattinoni-1024x684.jpg 1024w, https:\/\/www.eastlab.it\/wp-content\/uploads\/2021\/05\/4-Gattinoni-768x513.jpg 768w, https:\/\/www.eastlab.it\/wp-content\/uploads\/2021\/05\/4-Gattinoni-1536x1026.jpg 1536w, https:\/\/www.eastlab.it\/wp-content\/uploads\/2021\/05\/4-Gattinoni-930x620.jpg 930w\" sizes=\"(max-width: 1920px) 100vw, 1920px\" \/>\t\t\t\t\t\t\t\t\t\t\t\t\t\t\t<\/div>\n\t\t\t\t<\/div>\n\t\t\t\t\t<\/div>\n\t\t<\/div>\n\t\t\t\t\t<\/div>\n\t\t<\/section>\n\t\t\t\t<section class=\"elementor-section elementor-top-section elementor-element elementor-element-8c12df3 elementor-section-boxed elementor-section-height-default elementor-section-height-default\" data-id=\"8c12df3\" data-element_type=\"section\" data-e-type=\"section\">\n\t\t\t\t\t\t<div class=\"elementor-container elementor-column-gap-default\">\n\t\t\t\t\t<div class=\"elementor-column elementor-col-33 elementor-top-column elementor-element elementor-element-0f25aa0\" data-id=\"0f25aa0\" data-element_type=\"column\" data-e-type=\"column\">\n\t\t\t<div class=\"elementor-widget-wrap elementor-element-populated\">\n\t\t\t\t\t\t<div class=\"elementor-element elementor-element-3301db6 elementor-widget elementor-widget-image\" data-id=\"3301db6\" data-element_type=\"widget\" data-e-type=\"widget\" data-widget_type=\"image.default\">\n\t\t\t\t<div class=\"elementor-widget-container\">\n\t\t\t\t\t\t\t\t\t\t\t\t\t\t\t<img loading=\"lazy\" decoding=\"async\" width=\"1000\" height=\"1498\" src=\"https:\/\/www.eastlab.it\/wp-content\/uploads\/2021\/05\/5-Gattinoni.jpg\" class=\"attachment-full size-full wp-image-763\" alt=\"\" srcset=\"https:\/\/www.eastlab.it\/wp-content\/uploads\/2021\/05\/5-Gattinoni.jpg 1000w, https:\/\/www.eastlab.it\/wp-content\/uploads\/2021\/05\/5-Gattinoni-200x300.jpg 200w, https:\/\/www.eastlab.it\/wp-content\/uploads\/2021\/05\/5-Gattinoni-684x1024.jpg 684w, https:\/\/www.eastlab.it\/wp-content\/uploads\/2021\/05\/5-Gattinoni-768x1150.jpg 768w\" sizes=\"(max-width: 1000px) 100vw, 1000px\" \/>\t\t\t\t\t\t\t\t\t\t\t\t\t\t\t<\/div>\n\t\t\t\t<\/div>\n\t\t\t\t\t<\/div>\n\t\t<\/div>\n\t\t\t\t<div class=\"elementor-column elementor-col-33 elementor-top-column elementor-element elementor-element-2dcd2ad\" data-id=\"2dcd2ad\" data-element_type=\"column\" data-e-type=\"column\">\n\t\t\t<div class=\"elementor-widget-wrap elementor-element-populated\">\n\t\t\t\t\t\t<div class=\"elementor-element elementor-element-bdd571f elementor-widget elementor-widget-image\" data-id=\"bdd571f\" data-element_type=\"widget\" data-e-type=\"widget\" data-widget_type=\"image.default\">\n\t\t\t\t<div class=\"elementor-widget-container\">\n\t\t\t\t\t\t\t\t\t\t\t\t\t\t\t<img loading=\"lazy\" decoding=\"async\" width=\"1000\" height=\"1500\" src=\"https:\/\/www.eastlab.it\/wp-content\/uploads\/2021\/05\/6-Gattinoni.jpg\" class=\"attachment-full size-full wp-image-764\" alt=\"\" srcset=\"https:\/\/www.eastlab.it\/wp-content\/uploads\/2021\/05\/6-Gattinoni.jpg 1000w, https:\/\/www.eastlab.it\/wp-content\/uploads\/2021\/05\/6-Gattinoni-200x300.jpg 200w, https:\/\/www.eastlab.it\/wp-content\/uploads\/2021\/05\/6-Gattinoni-683x1024.jpg 683w, https:\/\/www.eastlab.it\/wp-content\/uploads\/2021\/05\/6-Gattinoni-768x1152.jpg 768w\" sizes=\"(max-width: 1000px) 100vw, 1000px\" \/>\t\t\t\t\t\t\t\t\t\t\t\t\t\t\t<\/div>\n\t\t\t\t<\/div>\n\t\t\t\t\t<\/div>\n\t\t<\/div>\n\t\t\t\t<div class=\"elementor-column elementor-col-33 elementor-top-column elementor-element elementor-element-07a62a5\" data-id=\"07a62a5\" data-element_type=\"column\" data-e-type=\"column\">\n\t\t\t<div class=\"elementor-widget-wrap elementor-element-populated\">\n\t\t\t\t\t\t<div class=\"elementor-element elementor-element-2de02f4 elementor-widget elementor-widget-image\" data-id=\"2de02f4\" data-element_type=\"widget\" data-e-type=\"widget\" data-widget_type=\"image.default\">\n\t\t\t\t<div class=\"elementor-widget-container\">\n\t\t\t\t\t\t\t\t\t\t\t\t\t\t\t<img loading=\"lazy\" decoding=\"async\" width=\"1000\" height=\"1500\" src=\"https:\/\/www.eastlab.it\/wp-content\/uploads\/2021\/05\/7-Gattinoni.jpg\" class=\"attachment-full size-full wp-image-765\" alt=\"\" srcset=\"https:\/\/www.eastlab.it\/wp-content\/uploads\/2021\/05\/7-Gattinoni.jpg 1000w, https:\/\/www.eastlab.it\/wp-content\/uploads\/2021\/05\/7-Gattinoni-200x300.jpg 200w, https:\/\/www.eastlab.it\/wp-content\/uploads\/2021\/05\/7-Gattinoni-683x1024.jpg 683w, https:\/\/www.eastlab.it\/wp-content\/uploads\/2021\/05\/7-Gattinoni-768x1152.jpg 768w\" sizes=\"(max-width: 1000px) 100vw, 1000px\" \/>\t\t\t\t\t\t\t\t\t\t\t\t\t\t\t<\/div>\n\t\t\t\t<\/div>\n\t\t\t\t\t<\/div>\n\t\t<\/div>\n\t\t\t\t\t<\/div>\n\t\t<\/section>\n\t\t\t\t<section class=\"elementor-section elementor-top-section elementor-element elementor-element-f43c594 elementor-section-boxed elementor-section-height-default elementor-section-height-default\" data-id=\"f43c594\" data-element_type=\"section\" data-e-type=\"section\">\n\t\t\t\t\t\t<div class=\"elementor-container elementor-column-gap-default\">\n\t\t\t\t\t<div class=\"elementor-column elementor-col-100 elementor-top-column elementor-element elementor-element-8bb9905\" data-id=\"8bb9905\" data-element_type=\"column\" data-e-type=\"column\">\n\t\t\t<div class=\"elementor-widget-wrap elementor-element-populated\">\n\t\t\t\t\t\t<div class=\"elementor-element elementor-element-aa0703a elementor-widget elementor-widget-spacer\" data-id=\"aa0703a\" data-element_type=\"widget\" data-e-type=\"widget\" data-widget_type=\"spacer.default\">\n\t\t\t\t<div class=\"elementor-widget-container\">\n\t\t\t\t\t\t\t<div class=\"elementor-spacer\">\n\t\t\t<div class=\"elementor-spacer-inner\"><\/div>\n\t\t<\/div>\n\t\t\t\t\t\t<\/div>\n\t\t\t\t<\/div>\n\t\t\t\t\t<\/div>\n\t\t<\/div>\n\t\t\t\t\t<\/div>\n\t\t<\/section>\n\t\t\t\t<\/div>","protected":false},"excerpt":{"rendered":"<p>Nel 1946 apre a Roma l\u2019atelier di Fernanda Gattinoni.Si affidarono a lei alcune tra le donne pi\u00f9 belle di sempre: Ingrid Bergman, Audrey Hepburn, Kim Novak, Lucia Bos\u00e8,Ava Gardner, Margaret d\u2019Inghilterra, Anna Magnani, Gina Lollobrigida, Anna Maria Pierangeli, Isa Miranda, Lana Turner,Maria Jos\u00e8 solo per citarne alcune.Couture, Pr\u00eat-\u00e0-Porter: Gattinoni \u00e8 74 anni di moda.Attenzione e&hellip;&nbsp;<a href=\"https:\/\/www.eastlab.it\/eng\/brands\/gattinoni\/\" rel=\"bookmark\">Read More &raquo;<span class=\"screen-reader-text\">Gattinoni<\/span><\/a><\/p>","protected":false},"author":2,"featured_media":0,"parent":573,"menu_order":0,"comment_status":"closed","ping_status":"closed","template":"elementor_header_footer","meta":{"neve_meta_sidebar":"full-width","neve_meta_container":"","neve_meta_enable_content_width":"on","neve_meta_content_width":100,"neve_meta_title_alignment":"","neve_meta_author_avatar":"","neve_post_elements_order":"","neve_meta_disable_header":"","neve_meta_disable_footer":"","neve_meta_disable_title":"","footnotes":""},"class_list":["post-651","page","type-page","status-publish","hentry"],"_links":{"self":[{"href":"https:\/\/www.eastlab.it\/eng\/wp-json\/wp\/v2\/pages\/651","targetHints":{"allow":["GET"]}}],"collection":[{"href":"https:\/\/www.eastlab.it\/eng\/wp-json\/wp\/v2\/pages"}],"about":[{"href":"https:\/\/www.eastlab.it\/eng\/wp-json\/wp\/v2\/types\/page"}],"author":[{"embeddable":true,"href":"https:\/\/www.eastlab.it\/eng\/wp-json\/wp\/v2\/users\/2"}],"replies":[{"embeddable":true,"href":"https:\/\/www.eastlab.it\/eng\/wp-json\/wp\/v2\/comments?post=651"}],"version-history":[{"count":22,"href":"https:\/\/www.eastlab.it\/eng\/wp-json\/wp\/v2\/pages\/651\/revisions"}],"predecessor-version":[{"id":1771,"href":"https:\/\/www.eastlab.it\/eng\/wp-json\/wp\/v2\/pages\/651\/revisions\/1771"}],"up":[{"embeddable":true,"href":"https:\/\/www.eastlab.it\/eng\/wp-json\/wp\/v2\/pages\/573"}],"wp:attachment":[{"href":"https:\/\/www.eastlab.it\/eng\/wp-json\/wp\/v2\/media?parent=651"}],"curies":[{"name":"wp","href":"https:\/\/api.w.org\/{rel}","templated":true}]}}