{"id":1145,"date":"2021-06-21T14:57:51","date_gmt":"2021-06-21T12:57:51","guid":{"rendered":"https:\/\/www.eastlab.it\/?page_id=1145"},"modified":"2021-07-26T17:27:16","modified_gmt":"2021-07-26T15:27:16","slug":"solidita-finanziaria","status":"publish","type":"page","link":"https:\/\/www.eastlab.it\/eng\/solidita-finanziaria\/","title":{"rendered":"Financial strength"},"content":{"rendered":"<div data-elementor-type=\"wp-page\" data-elementor-id=\"1145\" class=\"elementor elementor-1145\">\n\t\t\t\t\t\t<section class=\"elementor-section elementor-top-section elementor-element elementor-element-e9d7e5c elementor-section-full_width elementor-section-height-default elementor-section-height-default\" data-id=\"e9d7e5c\" data-element_type=\"section\" data-e-type=\"section\" data-settings=\"{&quot;background_background&quot;:&quot;classic&quot;}\">\n\t\t\t\t\t\t<div class=\"elementor-container elementor-column-gap-default\">\n\t\t\t\t\t<div class=\"elementor-column elementor-col-100 elementor-top-column elementor-element elementor-element-df3ec92\" data-id=\"df3ec92\" data-element_type=\"column\" data-e-type=\"column\">\n\t\t\t<div class=\"elementor-widget-wrap elementor-element-populated\">\n\t\t\t\t\t\t<div class=\"elementor-element elementor-element-7e3cf92 elementor-widget elementor-widget-sina_banner_slider\" data-id=\"7e3cf92\" data-element_type=\"widget\" data-e-type=\"widget\" data-widget_type=\"sina_banner_slider.default\">\n\t\t\t\t<div class=\"elementor-widget-container\">\n\t\t\t\t\t\t\t<div class=\"sina-banner-slider owl-carousel\"\r\n\t\tdata-autoplay=\"yes\"\r\n\t\tdata-pause=\"\"\r\n\t\tdata-nav=\"\"\r\n\t\tdata-dots=\"\"\r\n\t\tdata-mouse-drag=\"\"\r\n\t\tdata-touch-drag=\"\"\r\n\t\tdata-loop=\"yes\"\r\n\t\tdata-speed=\"\"\r\n\t\tdata-part-anim=\"yes\"\r\n\t\tdata-delay=\"5000\">\r\n\r\n\t\t\t\t\t\t\t<div class=\"sina-slider-content sina-bg-cover\" style=\"background-image: url(https:\/\/www.eastlab.it\/wp-content\/uploads\/2021\/06\/solidita-finanziaria.jpg);\">\r\n\t\t\t\t\t\r\n\t\t\t\t\t<div class=\"sina-banner-container elementor-repeater-item-6a8fa2e\">\r\n\r\n\t\t\t\t\t\t\r\n\t\t\t\t\t\t\r\n\t\t\t\t\t\t\t\t\t\t\t\t\t<div class=\"sina-banner-desc sina-anim-invisible\" data-animation=\"animated fadeInUp\">INVESTMENT, LENGTH, TENACITY AND\nSTRONG FOCUS ON INNOVATION<\/div>\t\t\t\t\t\t\r\n\t\t\t\t\t\t\t\t\t\t\t<\/div>\r\n\t\t\t\t<\/div>\r\n\t\t\t\t\t<\/div><!-- .sina-banner-slider -->\r\n\t\t\t\t\t\t<\/div>\n\t\t\t\t<\/div>\n\t\t\t\t\t<\/div>\n\t\t<\/div>\n\t\t\t\t\t<\/div>\n\t\t<\/section>\n\t\t\t\t<section class=\"elementor-section elementor-top-section elementor-element elementor-element-4e25a76 elementor-section-boxed elementor-section-height-default elementor-section-height-default\" data-id=\"4e25a76\" data-element_type=\"section\" data-e-type=\"section\">\n\t\t\t\t\t\t<div class=\"elementor-container elementor-column-gap-default\">\n\t\t\t\t\t<div class=\"elementor-column elementor-col-100 elementor-top-column elementor-element elementor-element-8ad6438\" data-id=\"8ad6438\" data-element_type=\"column\" data-e-type=\"column\">\n\t\t\t<div class=\"elementor-widget-wrap elementor-element-populated\">\n\t\t\t\t\t\t<div class=\"elementor-element elementor-element-15f7617 elementor-widget elementor-widget-text-editor\" data-id=\"15f7617\" data-element_type=\"widget\" data-e-type=\"widget\" data-widget_type=\"text-editor.default\">\n\t\t\t\t<div class=\"elementor-widget-container\">\n\t\t\t\t\t\t\t\t\t<p>FINANCIAL STRENGTH<\/p>\t\t\t\t\t\t\t\t<\/div>\n\t\t\t\t<\/div>\n\t\t\t\t<div class=\"elementor-element elementor-element-59889ed elementor-widget elementor-widget-text-editor\" data-id=\"59889ed\" data-element_type=\"widget\" data-e-type=\"widget\" data-widget_type=\"text-editor.default\">\n\t\t\t\t<div class=\"elementor-widget-container\">\n\t\t\t\t\t\t\t\t\t<p class=\"translation-block\">Corporate management has always been the key factor that <strong>has allowed the company\u2019s healthy and balanced growth.<\/strong><\/p><p>Very attentive in everyday life, the company looks to the future with foresight and with a strong focus on innovation.<\/p><p><strong>An effective and transparent management that has quickly earned the trust of customers, suppliers, partners and financial institutions.<\/strong><\/p>\t\t\t\t\t\t\t\t<\/div>\n\t\t\t\t<\/div>\n\t\t\t\t<div class=\"elementor-element elementor-element-9d373f3 elementor-widget elementor-widget-text-editor\" data-id=\"9d373f3\" data-element_type=\"widget\" data-e-type=\"widget\" data-widget_type=\"text-editor.default\">\n\t\t\t\t<div class=\"elementor-widget-container\">\n\t\t\t\t\t\t\t\t\t<p><strong>Eastlab enjoys high credibility at banking level thanks to:<\/strong><\/p>\t\t\t\t\t\t\t\t<\/div>\n\t\t\t\t<\/div>\n\t\t\t\t<div class=\"elementor-element elementor-element-d38909b elementor-widget elementor-widget-text-editor\" data-id=\"d38909b\" data-element_type=\"widget\" data-e-type=\"widget\" data-widget_type=\"text-editor.default\">\n\t\t\t\t<div class=\"elementor-widget-container\">\n\t\t\t\t\t\t\t\t\t<p style=\"text-align: left;\">\u25cf The economic and financial results achieved;<\/p><p style=\"text-align: left;\">\u25cf The way in which the company faced and overcame the crisis phase resulting\nfrom the pandemic situation (Covid-19);<\/p><p style=\"text-align: left;\">\u25cf Careful operational and financial planning that has allowed us to achieve optimal ratings even in a very critical phase such as the one we are currently experiencing (see extract MF-Central Risk).<\/p>\t\t\t\t\t\t\t\t<\/div>\n\t\t\t\t<\/div>\n\t\t\t\t\t<\/div>\n\t\t<\/div>\n\t\t\t\t\t<\/div>\n\t\t<\/section>\n\t\t\t\t<section class=\"elementor-section elementor-top-section elementor-element elementor-element-9b12281 elementor-section-boxed elementor-section-height-default elementor-section-height-default\" data-id=\"9b12281\" data-element_type=\"section\" data-e-type=\"section\">\n\t\t\t\t\t\t<div class=\"elementor-container elementor-column-gap-default\">\n\t\t\t\t\t<div class=\"elementor-column elementor-col-100 elementor-top-column elementor-element elementor-element-c0d29f5\" data-id=\"c0d29f5\" data-element_type=\"column\" data-e-type=\"column\">\n\t\t\t<div class=\"elementor-widget-wrap elementor-element-populated\">\n\t\t\t\t\t\t<div class=\"elementor-element elementor-element-21e3f0f elementor-widget elementor-widget-text-editor\" data-id=\"21e3f0f\" data-element_type=\"widget\" data-e-type=\"widget\" data-widget_type=\"text-editor.default\">\n\t\t\t\t<div class=\"elementor-widget-container\">\n\t\t\t\t\t\t\t\t\t<p>RATING EASTLAB (MF CENTRALE RISK)<\/p>\t\t\t\t\t\t\t\t<\/div>\n\t\t\t\t<\/div>\n\t\t\t\t\t<\/div>\n\t\t<\/div>\n\t\t\t\t\t<\/div>\n\t\t<\/section>\n\t\t\t\t<section class=\"elementor-section elementor-top-section elementor-element elementor-element-d9375b3 elementor-section-boxed elementor-section-height-default elementor-section-height-default\" data-id=\"d9375b3\" data-element_type=\"section\" data-e-type=\"section\">\n\t\t\t\t\t\t<div class=\"elementor-container elementor-column-gap-default\">\n\t\t\t\t\t<div class=\"elementor-column elementor-col-100 elementor-top-column elementor-element elementor-element-0aa947a\" data-id=\"0aa947a\" data-element_type=\"column\" data-e-type=\"column\">\n\t\t\t<div class=\"elementor-widget-wrap elementor-element-populated\">\n\t\t\t\t\t\t<div class=\"elementor-element elementor-element-67c7390 elementor-widget elementor-widget-html\" data-id=\"67c7390\" data-element_type=\"widget\" data-e-type=\"widget\" data-widget_type=\"html.default\">\n\t\t\t\t<div class=\"elementor-widget-container\">\n\t\t\t\t\t<div id='banner_mfcr_scoring'> \r\n<a target=\"_blank\" href='https:\/\/analisi.mfcentralerisk.it\/Public\/MfcrAnalysis?sUserCod=200110000001&sCF=01870370432&sUsrPublicToken=06f7fd84-785c-43b2-9546-3c64fa678620&sAnalysis=CrAnalisiScoring'> \r\n<img src='https:\/\/analisi.mfcentralerisk.it\/Content\/Public\/Images\/CustomerBannerScoring_size_10.png'\/> \r\n<\/a> \r\n<\/div> \t\t\t\t<\/div>\n\t\t\t\t<\/div>\n\t\t\t\t<div class=\"elementor-element elementor-element-887f81f elementor-widget elementor-widget-text-editor\" data-id=\"887f81f\" data-element_type=\"widget\" data-e-type=\"widget\" data-widget_type=\"text-editor.default\">\n\t\t\t\t<div class=\"elementor-widget-container\">\n\t\t\t\t\t\t\t\t\t<p>Click on the image to learn more<\/p>\t\t\t\t\t\t\t\t<\/div>\n\t\t\t\t<\/div>\n\t\t\t\t<div class=\"elementor-element elementor-element-c1bc7d0 elementor-widget elementor-widget-spacer\" data-id=\"c1bc7d0\" data-element_type=\"widget\" data-e-type=\"widget\" data-widget_type=\"spacer.default\">\n\t\t\t\t<div class=\"elementor-widget-container\">\n\t\t\t\t\t\t\t<div class=\"elementor-spacer\">\n\t\t\t<div class=\"elementor-spacer-inner\"><\/div>\n\t\t<\/div>\n\t\t\t\t\t\t<\/div>\n\t\t\t\t<\/div>\n\t\t\t\t\t<\/div>\n\t\t<\/div>\n\t\t\t\t\t<\/div>\n\t\t<\/section>\n\t\t\t\t<section class=\"elementor-section elementor-top-section elementor-element elementor-element-8460663 elementor-hidden-desktop elementor-hidden-tablet elementor-hidden-phone elementor-section-boxed elementor-section-height-default elementor-section-height-default\" data-id=\"8460663\" data-element_type=\"section\" data-e-type=\"section\">\n\t\t\t\t\t\t<div class=\"elementor-container elementor-column-gap-default\">\n\t\t\t\t\t<div class=\"elementor-column elementor-col-100 elementor-top-column elementor-element elementor-element-604d02c\" data-id=\"604d02c\" data-element_type=\"column\" data-e-type=\"column\">\n\t\t\t<div class=\"elementor-widget-wrap elementor-element-populated\">\n\t\t\t\t\t\t<div class=\"elementor-element elementor-element-cf91f85 elementor-arrows-position-inside elementor-pagination-position-outside elementor-widget elementor-widget-image-carousel\" data-id=\"cf91f85\" data-element_type=\"widget\" data-e-type=\"widget\" data-settings=\"{&quot;slides_to_show&quot;:&quot;1&quot;,&quot;navigation&quot;:&quot;both&quot;,&quot;autoplay&quot;:&quot;yes&quot;,&quot;pause_on_hover&quot;:&quot;yes&quot;,&quot;pause_on_interaction&quot;:&quot;yes&quot;,&quot;autoplay_speed&quot;:5000,&quot;infinite&quot;:&quot;yes&quot;,&quot;effect&quot;:&quot;slide&quot;,&quot;speed&quot;:500}\" data-widget_type=\"image-carousel.default\">\n\t\t\t\t<div class=\"elementor-widget-container\">\n\t\t\t\t\t\t\t<div class=\"elementor-image-carousel-wrapper swiper\" role=\"region\" aria-roledescription=\"carousel\" aria-label=\"Carosello d&#039;immagini\" dir=\"ltr\">\n\t\t\t<div class=\"elementor-image-carousel swiper-wrapper\" aria-live=\"off\">\n\t\t\t\t\t\t\t\t<div class=\"swiper-slide\" role=\"group\" aria-roledescription=\"slide\" aria-label=\"1 di 2\"><a data-elementor-open-lightbox=\"yes\" data-elementor-lightbox-slideshow=\"cf91f85\" data-elementor-lightbox-title=\"rating\" data-e-action-hash=\"#elementor-action%3Aaction%3Dlightbox%26settings%3DeyJpZCI6MTIyNCwidXJsIjoiaHR0cHM6XC9cL3d3dy5lYXN0bGFiLml0XC93cC1jb250ZW50XC91cGxvYWRzXC8yMDIxXC8wNlwvcmF0aW5nLnBuZyIsInNsaWRlc2hvdyI6ImNmOTFmODUifQ%3D%3D\" href=\"https:\/\/www.eastlab.it\/wp-content\/uploads\/2021\/06\/rating.png\"><figure class=\"swiper-slide-inner\"><img decoding=\"async\" class=\"swiper-slide-image\" src=\"https:\/\/www.eastlab.it\/wp-content\/uploads\/2021\/06\/rating.png\" alt=\"rating\" \/><\/figure><\/a><\/div><div class=\"swiper-slide\" role=\"group\" aria-roledescription=\"slide\" aria-label=\"2 di 2\"><a data-elementor-open-lightbox=\"yes\" data-elementor-lightbox-slideshow=\"cf91f85\" data-elementor-lightbox-title=\"rating-2\" data-e-action-hash=\"#elementor-action%3Aaction%3Dlightbox%26settings%3DeyJpZCI6MTIyMywidXJsIjoiaHR0cHM6XC9cL3d3dy5lYXN0bGFiLml0XC93cC1jb250ZW50XC91cGxvYWRzXC8yMDIxXC8wNlwvcmF0aW5nLTIucG5nIiwic2xpZGVzaG93IjoiY2Y5MWY4NSJ9\" href=\"https:\/\/www.eastlab.it\/wp-content\/uploads\/2021\/06\/rating-2.png\"><figure class=\"swiper-slide-inner\"><img decoding=\"async\" class=\"swiper-slide-image\" src=\"https:\/\/www.eastlab.it\/wp-content\/uploads\/2021\/06\/rating-2.png\" alt=\"rating-2\" \/><\/figure><\/a><\/div>\t\t\t<\/div>\n\t\t\t\t\t\t\t\t\t\t\t\t<div class=\"elementor-swiper-button elementor-swiper-button-prev\" role=\"button\" tabindex=\"0\">\n\t\t\t\t\t\t<i aria-hidden=\"true\" class=\"eicon-chevron-left\"><\/i>\t\t\t\t\t<\/div>\n\t\t\t\t\t<div class=\"elementor-swiper-button elementor-swiper-button-next\" role=\"button\" tabindex=\"0\">\n\t\t\t\t\t\t<i aria-hidden=\"true\" class=\"eicon-chevron-right\"><\/i>\t\t\t\t\t<\/div>\n\t\t\t\t\n\t\t\t\t\t\t\t\t\t<div class=\"swiper-pagination\"><\/div>\n\t\t\t\t\t\t\t\t\t<\/div>\n\t\t\t\t\t\t<\/div>\n\t\t\t\t<\/div>\n\t\t\t\t\t<\/div>\n\t\t<\/div>\n\t\t\t\t\t<\/div>\n\t\t<\/section>\n\t\t\t\t<section class=\"elementor-section elementor-top-section elementor-element elementor-element-cc70092 elementor-section-full_width elementor-hidden-desktop elementor-hidden-tablet elementor-hidden-phone elementor-section-height-default elementor-section-height-default\" data-id=\"cc70092\" data-element_type=\"section\" data-e-type=\"section\">\n\t\t\t\t\t\t<div class=\"elementor-container elementor-column-gap-default\">\n\t\t\t\t\t<div class=\"elementor-column elementor-col-100 elementor-top-column elementor-element elementor-element-3fdb791\" data-id=\"3fdb791\" data-element_type=\"column\" data-e-type=\"column\">\n\t\t\t<div class=\"elementor-widget-wrap elementor-element-populated\">\n\t\t\t\t\t\t<div class=\"elementor-element elementor-element-3bf84f9 elementor-widget elementor-widget-image\" data-id=\"3bf84f9\" data-element_type=\"widget\" data-e-type=\"widget\" data-widget_type=\"image.default\">\n\t\t\t\t<div class=\"elementor-widget-container\">\n\t\t\t\t\t\t\t\t\t\t\t\t\t\t\t\t<a href=\"https:\/\/www.eastlab.it\/wp-content\/uploads\/2021\/07\/solidita-finanziaria-1.jpg\" data-elementor-open-lightbox=\"yes\" data-elementor-lightbox-title=\"solidita-finanziaria\" data-e-action-hash=\"#elementor-action%3Aaction%3Dlightbox%26settings%3DeyJpZCI6MTYyMSwidXJsIjoiaHR0cHM6XC9cL3d3dy5lYXN0bGFiLml0XC93cC1jb250ZW50XC91cGxvYWRzXC8yMDIxXC8wN1wvc29saWRpdGEtZmluYW56aWFyaWEtMS5qcGcifQ%3D%3D\">\n\t\t\t\t\t\t\t<img fetchpriority=\"high\" decoding=\"async\" width=\"819\" height=\"1072\" src=\"https:\/\/www.eastlab.it\/wp-content\/uploads\/2021\/07\/solidita-finanziaria-1.jpg\" class=\"attachment-full size-full wp-image-1621\" alt=\"\" srcset=\"https:\/\/www.eastlab.it\/wp-content\/uploads\/2021\/07\/solidita-finanziaria-1.jpg 819w, https:\/\/www.eastlab.it\/wp-content\/uploads\/2021\/07\/solidita-finanziaria-1-229x300.jpg 229w, https:\/\/www.eastlab.it\/wp-content\/uploads\/2021\/07\/solidita-finanziaria-1-782x1024.jpg 782w, https:\/\/www.eastlab.it\/wp-content\/uploads\/2021\/07\/solidita-finanziaria-1-768x1005.jpg 768w\" sizes=\"(max-width: 819px) 100vw, 819px\" \/>\t\t\t\t\t\t\t\t<\/a>\n\t\t\t\t\t\t\t\t\t\t\t\t\t\t\t<\/div>\n\t\t\t\t<\/div>\n\t\t\t\t\t<\/div>\n\t\t<\/div>\n\t\t\t\t\t<\/div>\n\t\t<\/section>\n\t\t\t\t<section class=\"elementor-section elementor-top-section elementor-element elementor-element-d0a635a elementor-section-boxed elementor-section-height-default elementor-section-height-default\" data-id=\"d0a635a\" data-element_type=\"section\" data-e-type=\"section\">\n\t\t\t\t\t\t<div class=\"elementor-container elementor-column-gap-default\">\n\t\t\t\t\t<div class=\"elementor-column elementor-col-100 elementor-top-column elementor-element elementor-element-01c6a09\" data-id=\"01c6a09\" data-element_type=\"column\" data-e-type=\"column\">\n\t\t\t<div class=\"elementor-widget-wrap elementor-element-populated\">\n\t\t\t\t\t\t<div class=\"elementor-element elementor-element-2a2603f elementor-widget elementor-widget-spacer\" data-id=\"2a2603f\" data-element_type=\"widget\" data-e-type=\"widget\" data-widget_type=\"spacer.default\">\n\t\t\t\t<div class=\"elementor-widget-container\">\n\t\t\t\t\t\t\t<div class=\"elementor-spacer\">\n\t\t\t<div class=\"elementor-spacer-inner\"><\/div>\n\t\t<\/div>\n\t\t\t\t\t\t<\/div>\n\t\t\t\t<\/div>\n\t\t\t\t\t<\/div>\n\t\t<\/div>\n\t\t\t\t\t<\/div>\n\t\t<\/section>\n\t\t\t\t<\/div>","protected":false},"excerpt":{"rendered":"<p>investimento, lungimiranza, tenacia e forte attenzione all\u2019innovazione Solidit\u00e0 Finanziaria La gestione aziendale \u00e8 da sempre il fattore chiave che ha permesso una crescita sana ed equilibrata della societ\u00e0. Molto attenta nella quotidianit\u00e0, l\u2019azienda guarda al futuro con lungimiranza e con forte attenzione all\u2019innovazione. Un management efficace e trasparente che si \u00e8 guadagnato con poco tempo&hellip;&nbsp;<a href=\"https:\/\/www.eastlab.it\/eng\/solidita-finanziaria\/\" rel=\"bookmark\">Read More &raquo;<span class=\"screen-reader-text\">Financial strength<\/span><\/a><\/p>","protected":false},"author":2,"featured_media":0,"parent":0,"menu_order":0,"comment_status":"closed","ping_status":"closed","template":"elementor_header_footer","meta":{"neve_meta_sidebar":"full-width","neve_meta_container":"","neve_meta_enable_content_width":"on","neve_meta_content_width":100,"neve_meta_title_alignment":"","neve_meta_author_avatar":"","neve_post_elements_order":"","neve_meta_disable_header":"","neve_meta_disable_footer":"","neve_meta_disable_title":"","footnotes":""},"class_list":["post-1145","page","type-page","status-publish","hentry"],"_links":{"self":[{"href":"https:\/\/www.eastlab.it\/eng\/wp-json\/wp\/v2\/pages\/1145","targetHints":{"allow":["GET"]}}],"collection":[{"href":"https:\/\/www.eastlab.it\/eng\/wp-json\/wp\/v2\/pages"}],"about":[{"href":"https:\/\/www.eastlab.it\/eng\/wp-json\/wp\/v2\/types\/page"}],"author":[{"embeddable":true,"href":"https:\/\/www.eastlab.it\/eng\/wp-json\/wp\/v2\/users\/2"}],"replies":[{"embeddable":true,"href":"https:\/\/www.eastlab.it\/eng\/wp-json\/wp\/v2\/comments?post=1145"}],"version-history":[{"count":127,"href":"https:\/\/www.eastlab.it\/eng\/wp-json\/wp\/v2\/pages\/1145\/revisions"}],"predecessor-version":[{"id":1639,"href":"https:\/\/www.eastlab.it\/eng\/wp-json\/wp\/v2\/pages\/1145\/revisions\/1639"}],"wp:attachment":[{"href":"https:\/\/www.eastlab.it\/eng\/wp-json\/wp\/v2\/media?parent=1145"}],"curies":[{"name":"wp","href":"https:\/\/api.w.org\/{rel}","templated":true}]}}